{"id":4512,"date":"2025-09-28T08:49:07","date_gmt":"2025-09-28T06:49:07","guid":{"rendered":"https:\/\/memoiresplaisance.fr\/?page_id=4512"},"modified":"2025-12-15T18:48:46","modified_gmt":"2025-12-15T17:48:46","slug":"projet-dedition","status":"publish","type":"page","link":"https:\/\/memoiresplaisance.fr\/index.php\/projet-dedition\/","title":{"rendered":"Projet d&rsquo;\u00e9dition"},"content":{"rendered":"\t\t<div data-elementor-type=\"wp-page\" data-elementor-id=\"4512\" class=\"elementor elementor-4512\">\n\t\t\t\t<div class=\"elementor-element elementor-element-6367829 e-flex e-con-boxed wpr-particle-no wpr-jarallax-no wpr-parallax-no wpr-sticky-section-no wpr-equal-height-no e-con e-parent\" data-id=\"6367829\" data-element_type=\"container\" data-e-type=\"container\">\n\t\t\t\t\t<div class=\"e-con-inner\">\n\t\t<div class=\"elementor-element elementor-element-853f268 e-con-full e-flex wpr-particle-no wpr-jarallax-no wpr-parallax-no wpr-sticky-section-no wpr-equal-height-no e-con e-child\" data-id=\"853f268\" data-element_type=\"container\" data-e-type=\"container\" data-settings=\"{&quot;animation&quot;:&quot;none&quot;}\">\n\t\t\t\t<div class=\"elementor-element elementor-element-3f3063e e-transform elementor-invisible elementor-widget elementor-widget-text-editor\" data-id=\"3f3063e\" data-element_type=\"widget\" data-e-type=\"widget\" data-settings=\"{&quot;_animation&quot;:&quot;slideInRight&quot;,&quot;_transform_translateX_effect&quot;:{&quot;unit&quot;:&quot;px&quot;,&quot;size&quot;:0,&quot;sizes&quot;:[]},&quot;_transform_translateY_effect&quot;:{&quot;unit&quot;:&quot;px&quot;,&quot;size&quot;:-37,&quot;sizes&quot;:[]},&quot;_transform_translateX_effect_tablet&quot;:{&quot;unit&quot;:&quot;px&quot;,&quot;size&quot;:&quot;&quot;,&quot;sizes&quot;:[]},&quot;_transform_translateX_effect_mobile&quot;:{&quot;unit&quot;:&quot;px&quot;,&quot;size&quot;:&quot;&quot;,&quot;sizes&quot;:[]},&quot;_transform_translateY_effect_tablet&quot;:{&quot;unit&quot;:&quot;px&quot;,&quot;size&quot;:&quot;&quot;,&quot;sizes&quot;:[]},&quot;_transform_translateY_effect_mobile&quot;:{&quot;unit&quot;:&quot;px&quot;,&quot;size&quot;:&quot;&quot;,&quot;sizes&quot;:[]}}\" data-widget_type=\"text-editor.default\">\n\t\t\t\t\t\t\t\t\t<h3>Sur l&rsquo;histoire locale<\/h3>\t\t\t\t\t\t\t\t<\/div>\n\t\t\t\t<div class=\"elementor-element elementor-element-03547af elementor-widget elementor-widget-image\" data-id=\"03547af\" data-element_type=\"widget\" data-e-type=\"widget\" data-widget_type=\"image.default\">\n\t\t\t\t\t\t\t\t\t\t\t\t\t\t\t<img data-recalc-dims=\"1\" fetchpriority=\"high\" decoding=\"async\" width=\"1024\" height=\"150\" src=\"https:\/\/i0.wp.com\/memoiresplaisance.fr\/wp-content\/uploads\/2025\/03\/IDHistoire1.webp?resize=1024%2C150&#038;ssl=1\" class=\"attachment-large size-large wp-image-191\" alt=\"\" srcset=\"https:\/\/i0.wp.com\/memoiresplaisance.fr\/wp-content\/uploads\/2025\/03\/IDHistoire1.webp?w=1201&amp;ssl=1 1201w, https:\/\/i0.wp.com\/memoiresplaisance.fr\/wp-content\/uploads\/2025\/03\/IDHistoire1.webp?resize=300%2C44&amp;ssl=1 300w, https:\/\/i0.wp.com\/memoiresplaisance.fr\/wp-content\/uploads\/2025\/03\/IDHistoire1.webp?resize=1024%2C150&amp;ssl=1 1024w, https:\/\/i0.wp.com\/memoiresplaisance.fr\/wp-content\/uploads\/2025\/03\/IDHistoire1.webp?resize=768%2C113&amp;ssl=1 768w, https:\/\/i0.wp.com\/memoiresplaisance.fr\/wp-content\/uploads\/2025\/03\/IDHistoire1.webp?resize=454%2C67&amp;ssl=1 454w\" sizes=\"(max-width: 1000px) 100vw, 1000px\" \/>\t\t\t\t\t\t\t\t\t\t\t\t\t\t\t<\/div>\n\t\t\t\t<div class=\"elementor-element elementor-element-04f90cc elementor-widget elementor-widget-spacer\" data-id=\"04f90cc\" data-element_type=\"widget\" data-e-type=\"widget\" data-widget_type=\"spacer.default\">\n\t\t\t\t\t\t\t<div class=\"elementor-spacer\">\n\t\t\t<div class=\"elementor-spacer-inner\"><\/div>\n\t\t<\/div>\n\t\t\t\t\t\t<\/div>\n\t\t\t\t<div class=\"elementor-element elementor-element-6a8635f elementor-widget elementor-widget-text-editor\" data-id=\"6a8635f\" data-element_type=\"widget\" data-e-type=\"widget\" data-widget_type=\"text-editor.default\">\n\t\t\t\t\t\t\t\t\t<div id=\"initial-content\" class=\"h-section h-section-global-spacing d-flex align-items-lg-center align-items-md-center align-items-center style-329 style-local-2-c2 position-relative\" data-colibri-component=\"section\" data-colibri-id=\"2-c2\"><div class=\"h-section-grid-container h-section-boxed-container\"><div class=\"h-row-container gutters-row-lg-2 gutters-row-md-2 gutters-row-0 gutters-row-v-lg-2 gutters-row-v-md-2 gutters-row-v-2 style-330 style-local-2-c3 position-relative\" data-colibri-id=\"2-c3\"><div class=\"h-row justify-content-lg-center justify-content-md-center justify-content-center align-items-lg-stretch align-items-md-stretch align-items-stretch gutters-col-lg-2 gutters-col-md-2 gutters-col-0 gutters-col-v-lg-2 gutters-col-v-md-2 gutters-col-v-2\"><div class=\"h-column h-column-container d-flex h-col-lg-auto h-col-md-auto h-col-auto style-331-outer style-local-2-c4-outer\"><div class=\"d-flex h-flex-basis h-column__inner h-px-lg-2 h-px-md-2 h-px-2 v-inner-lg-2 v-inner-md-2 v-inner-2 style-331 style-local-2-c4 position-relative\" data-colibri-id=\"2-c4\"><div class=\"w-100 h-y-container h-column__content h-column__v-align flex-basis-100 align-self-lg-start align-self-md-start align-self-start\"><div class=\"style-332 style-local-2-c5 position-relative h-element\" data-colibri-id=\"2-c5\"><div><h3>Publication<\/h3><p>Le projet de publication d&rsquo;un ouvrage sur l&rsquo;histoire locale ne peut s&rsquo;envisager sans une participation collective des habitants et amis de Plaisance. \u00c0 cette \u00e9tape, nous ne pouvons encore d\u00e9finir si un livre sera suffisant, car les archives qui nous parviennent sont nombreuses. Il n&rsquo;est donc pas impossible que nous soyons amen\u00e9s \u00e0 publier plusieurs ouvrages, tant l&rsquo;histoire de Plaisance-sur-Gartempe est riche de son pass\u00e9. Ce n&rsquo;est qu&rsquo;une question de temps pour rassembler les habitants et leurs souvenirs. L&rsquo;objectif reste d&rsquo;offrir aux habitants et amis de Plaisance un ouvrage en remerciement de leur contribution. Ce sont les habitants qui ont fait l&rsquo;histoire du village, ce projet constitue un juste retour permettant \u00e0 Plaisance de retrouver une place digne de soi dans la vall\u00e9e de la Gartempe.\u00a0<\/p><\/div><\/div><\/div><\/div><\/div><\/div><\/div><\/div><\/div>\t\t\t\t\t\t\t\t<\/div>\n\t\t\t\t<div class=\"elementor-element elementor-element-9606f60 elementor-widget elementor-widget-text-editor\" data-id=\"9606f60\" data-element_type=\"widget\" data-e-type=\"widget\" data-widget_type=\"text-editor.default\">\n\t\t\t\t\t\t\t\t\t<div id=\"initial-content\" class=\"h-section h-section-global-spacing d-flex align-items-lg-center align-items-md-center align-items-center style-329 style-local-2-c2 position-relative\" data-colibri-component=\"section\" data-colibri-id=\"2-c2\"><div class=\"h-section-grid-container h-section-boxed-container\"><div class=\"h-row-container gutters-row-lg-2 gutters-row-md-2 gutters-row-0 gutters-row-v-lg-2 gutters-row-v-md-2 gutters-row-v-2 style-330 style-local-2-c3 position-relative\" data-colibri-id=\"2-c3\"><div class=\"h-row justify-content-lg-center justify-content-md-center justify-content-center align-items-lg-stretch align-items-md-stretch align-items-stretch gutters-col-lg-2 gutters-col-md-2 gutters-col-0 gutters-col-v-lg-2 gutters-col-v-md-2 gutters-col-v-2\"><div class=\"h-column h-column-container d-flex h-col-lg-auto h-col-md-auto h-col-auto style-331-outer style-local-2-c4-outer\"><div class=\"d-flex h-flex-basis h-column__inner h-px-lg-2 h-px-md-2 h-px-2 v-inner-lg-2 v-inner-md-2 v-inner-2 style-331 style-local-2-c4 position-relative\" data-colibri-id=\"2-c4\"><div class=\"w-100 h-y-container h-column__content h-column__v-align flex-basis-100 align-self-lg-start align-self-md-start align-self-start\"><div class=\"style-332 style-local-2-c5 position-relative h-element\" data-colibri-id=\"2-c5\"><div><h3>Appel aux dons et souscription<\/h3><p>Afin d&rsquo;assurer le bon d\u00e9roulement du projet, un appel aux dons, puis une souscription seront bient\u00f4t publi\u00e9es. Dans le but de les recevoir, une association sera cr\u00e9\u00e9e pour garantir le bon d\u00e9roulement du projet r\u00e9alis\u00e9 b\u00e9n\u00e9volement et d&rsquo;acc\u00e9der aux soutiens priv\u00e9s comme aux aides publiques pour qu&rsquo;il aboutisse. La publication ne sera pas support\u00e9e par la commune de Plaisance, trop petite pour se le permettre. Elle nous apporte son soutien technique et logistique dans la pr\u00e9paration du projet, c&rsquo;est d\u00e9j\u00e0 beaucoup !<\/p><p><a href=\"https:\/\/memoiresplaisance.fr\/index.php\/contact\/\">Laissez-nous vos coordonn\u00e9es<\/a> pour rester inform\u00e9 de l&rsquo;avancement du projet.\u00a0<\/p><\/div><\/div><\/div><\/div><\/div><\/div><\/div><\/div><\/div>\t\t\t\t\t\t\t\t<\/div>\n\t\t\t\t<div class=\"elementor-element elementor-element-85ab955 elementor-widget elementor-widget-spacer\" data-id=\"85ab955\" data-element_type=\"widget\" data-e-type=\"widget\" data-widget_type=\"spacer.default\">\n\t\t\t\t\t\t\t<div class=\"elementor-spacer\">\n\t\t\t<div class=\"elementor-spacer-inner\"><\/div>\n\t\t<\/div>\n\t\t\t\t\t\t<\/div>\n\t\t\t\t<div class=\"elementor-element elementor-element-c5b3c0e elementor-widget elementor-widget-heading\" data-id=\"c5b3c0e\" data-element_type=\"widget\" data-e-type=\"widget\" data-widget_type=\"heading.default\">\n\t\t\t\t\t<h2 class=\"elementor-heading-title elementor-size-default\">Calendrier<\/h2>\t\t\t\t<\/div>\n\t\t\t\t<div class=\"elementor-element elementor-element-a9b1c43 elementor-widget elementor-widget-text-editor\" data-id=\"a9b1c43\" data-element_type=\"widget\" data-e-type=\"widget\" data-widget_type=\"text-editor.default\">\n\t\t\t\t\t\t\t\t\t<div id=\"initial-content\" class=\"h-section h-section-global-spacing d-flex align-items-lg-center align-items-md-center align-items-center style-329 style-local-2-c2 position-relative\" data-colibri-component=\"section\" data-colibri-id=\"2-c2\"><div class=\"h-section-grid-container h-section-boxed-container\"><div class=\"h-row-container gutters-row-lg-2 gutters-row-md-2 gutters-row-0 gutters-row-v-lg-2 gutters-row-v-md-2 gutters-row-v-2 style-330 style-local-2-c3 position-relative\" data-colibri-id=\"2-c3\"><div class=\"h-row justify-content-lg-center justify-content-md-center justify-content-center align-items-lg-stretch align-items-md-stretch align-items-stretch gutters-col-lg-2 gutters-col-md-2 gutters-col-0 gutters-col-v-lg-2 gutters-col-v-md-2 gutters-col-v-2\"><div class=\"h-column h-column-container d-flex h-col-lg-auto h-col-md-auto h-col-auto style-331-outer style-local-2-c4-outer\"><div class=\"d-flex h-flex-basis h-column__inner h-px-lg-2 h-px-md-2 h-px-2 v-inner-lg-2 v-inner-md-2 v-inner-2 style-331 style-local-2-c4 position-relative\" data-colibri-id=\"2-c4\"><div class=\"w-100 h-y-container h-column__content h-column__v-align flex-basis-100 align-self-lg-start align-self-md-start align-self-start\"><div class=\"style-332 style-local-2-c5 position-relative h-element\" data-colibri-id=\"2-c5\"><div><ul><li><span style=\"font-size: 20px;\">2025. <\/span>Acquisition des donn\u00e9es, collecte et pr\u00e9paration des ressources<\/li><\/ul><ul><li><p><span style=\"font-size: 20px;\">2026. <\/span>Pr\u00e9paration d&rsquo;exposition au printemps et \u00e0 l&rsquo;automne \u00e0 l&rsquo;occasion des journ\u00e9es du Patrimoine<\/p><\/li><li><p><span style=\"font-size: 20px;\">2027. <\/span>Confection de l&rsquo;ouvrage pour une impression \u00e0 l&rsquo;horizon fin 2027\/2028<\/p><\/li><\/ul><\/div><\/div><\/div><\/div><\/div><\/div><\/div><\/div><\/div>\t\t\t\t\t\t\t\t<\/div>\n\t\t\t\t<div class=\"elementor-element elementor-element-c225ced elementor-widget elementor-widget-spacer\" data-id=\"c225ced\" data-element_type=\"widget\" data-e-type=\"widget\" data-widget_type=\"spacer.default\">\n\t\t\t\t\t\t\t<div class=\"elementor-spacer\">\n\t\t\t<div class=\"elementor-spacer-inner\"><\/div>\n\t\t<\/div>\n\t\t\t\t\t\t<\/div>\n\t\t\t\t<div class=\"elementor-element elementor-element-b0c46b8 elementor-widget elementor-widget-text-editor\" data-id=\"b0c46b8\" data-element_type=\"widget\" data-e-type=\"widget\" data-widget_type=\"text-editor.default\">\n\t\t\t\t\t\t\t\t\t<div id=\"initial-content\" class=\"h-section h-section-global-spacing d-flex align-items-lg-center align-items-md-center align-items-center style-329 style-local-2-c2 position-relative\" data-colibri-component=\"section\" data-colibri-id=\"2-c2\"><div class=\"h-section-grid-container h-section-boxed-container\"><div class=\"h-row-container gutters-row-lg-2 gutters-row-md-2 gutters-row-0 gutters-row-v-lg-2 gutters-row-v-md-2 gutters-row-v-2 style-330 style-local-2-c3 position-relative\" data-colibri-id=\"2-c3\"><div class=\"h-row justify-content-lg-center justify-content-md-center justify-content-center align-items-lg-stretch align-items-md-stretch align-items-stretch gutters-col-lg-2 gutters-col-md-2 gutters-col-0 gutters-col-v-lg-2 gutters-col-v-md-2 gutters-col-v-2\"><div class=\"h-column h-column-container d-flex h-col-lg-auto h-col-md-auto h-col-auto style-331-outer style-local-2-c4-outer\"><div class=\"d-flex h-flex-basis h-column__inner h-px-lg-2 h-px-md-2 h-px-2 v-inner-lg-2 v-inner-md-2 v-inner-2 style-331 style-local-2-c4 position-relative\" data-colibri-id=\"2-c4\"><div class=\"w-100 h-y-container h-column__content h-column__v-align flex-basis-100 align-self-lg-start align-self-md-start align-self-start\"><div class=\"style-332 style-local-2-c5 position-relative h-element\" data-colibri-id=\"2-c5\"><div><h3>Une association loi de 1901<\/h3><p>Une association <span style=\"font-family: impact, sans-serif;\"><strong>M\u00e9moires de Plaisance<\/strong><\/span> va \u00eatre cr\u00e9\u00e9e. Elle rassemblera les b\u00e9n\u00e9voles et contributeurs du projet. Elle aura pour objectif de :<\/p><ul><li>Mettre en \u0153uvre une collecte d\u2019archives sur l\u2019histoire communale ou\/et priv\u00e9e des habitants de la commune de Plaisance dans la Vienne.<\/li><li>R\u00e9aliser une publication sur le patrimoine locale regroupant les r\u00e9cits, les activit\u00e9s et l\u2019histoire de la commune, r\u00e9cente et pass\u00e9e.<\/li><li>Animer des expositions et diffuser des ressources documentaires sur l\u2019histoire locale.<\/li><li>Concourir \u00e0 la pr\u00e9servation du patrimoine local par la mise en valeur des atouts historiques de la commune.<\/li><li>Pr\u00e9server le patrimoine immat\u00e9riel de la culture locale.<\/li><li>Partager les archives et ressources sur l\u2019histoire du village, sans but lucratif, avec l\u2019objectif d\u2019un don de(s) publication(s) aux r\u00e9sidents de la commune.<\/li><\/ul><p>Vous souhaitez \u00eatre inform\u00e9 de l&rsquo;initiative, <a href=\"https:\/\/memoiresplaisance.fr\/index.php\/contact\/\">laissez-nous vos coordonn\u00e9es<\/a>, nous vous contacterons.\u00a0<\/p><\/div><\/div><\/div><\/div><\/div><\/div><\/div><\/div><\/div>\t\t\t\t\t\t\t\t<\/div>\n\t\t\t\t<\/div>\n\t\t<div class=\"elementor-element elementor-element-db834e6 e-con-full e-flex wpr-particle-no wpr-jarallax-no wpr-parallax-no wpr-sticky-section-no wpr-equal-height-no e-con e-child\" data-id=\"db834e6\" data-element_type=\"container\" data-e-type=\"container\">\n\t\t\t\t<div class=\"elementor-element elementor-element-1a8025c elementor-widget elementor-widget-image\" data-id=\"1a8025c\" data-element_type=\"widget\" data-e-type=\"widget\" data-widget_type=\"image.default\">\n\t\t\t\t\t\t\t\t\t\t\t\t\t\t\t<img decoding=\"async\" width=\"1024\" height=\"1024\" src=\"https:\/\/i0.wp.com\/memoiresplaisance.fr\/wp-content\/uploads\/2025\/03\/cropped-VisuelHistoire1.webp?fit=1024%2C1024&amp;ssl=1\" class=\"attachment-large size-large wp-image-175\" alt=\"\" srcset=\"https:\/\/i0.wp.com\/memoiresplaisance.fr\/wp-content\/uploads\/2025\/03\/cropped-VisuelHistoire1.webp?w=1920&amp;ssl=1 1920w, https:\/\/i0.wp.com\/memoiresplaisance.fr\/wp-content\/uploads\/2025\/03\/cropped-VisuelHistoire1.webp?resize=300%2C300&amp;ssl=1 300w, https:\/\/i0.wp.com\/memoiresplaisance.fr\/wp-content\/uploads\/2025\/03\/cropped-VisuelHistoire1.webp?resize=1024%2C1024&amp;ssl=1 1024w, https:\/\/i0.wp.com\/memoiresplaisance.fr\/wp-content\/uploads\/2025\/03\/cropped-VisuelHistoire1.webp?resize=150%2C150&amp;ssl=1 150w, https:\/\/i0.wp.com\/memoiresplaisance.fr\/wp-content\/uploads\/2025\/03\/cropped-VisuelHistoire1.webp?resize=768%2C768&amp;ssl=1 768w, https:\/\/i0.wp.com\/memoiresplaisance.fr\/wp-content\/uploads\/2025\/03\/cropped-VisuelHistoire1.webp?resize=1536%2C1536&amp;ssl=1 1536w\" sizes=\"(max-width: 1000px) 100vw, 1000px\" \/>\t\t\t\t\t\t\t\t\t\t\t\t\t\t\t<\/div>\n\t\t\t\t<div class=\"elementor-element elementor-element-22f68c4 elementor-widget elementor-widget-spacer\" data-id=\"22f68c4\" data-element_type=\"widget\" data-e-type=\"widget\" data-widget_type=\"spacer.default\">\n\t\t\t\t\t\t\t<div class=\"elementor-spacer\">\n\t\t\t<div class=\"elementor-spacer-inner\"><\/div>\n\t\t<\/div>\n\t\t\t\t\t\t<\/div>\n\t\t\t\t<\/div>\n\t\t\t\t\t<\/div>\n\t\t\t\t<\/div>\n\t\t<div class=\"elementor-element elementor-element-2ea952e e-flex e-con-boxed wpr-particle-no wpr-jarallax-no wpr-parallax-no wpr-sticky-section-no wpr-equal-height-no e-con e-parent\" data-id=\"2ea952e\" data-element_type=\"container\" data-e-type=\"container\">\n\t\t\t\t\t<div class=\"e-con-inner\">\n\t\t\t\t\t<\/div>\n\t\t\t\t<\/div>\n\t\t\t\t<\/div>\n\t\t","protected":false},"excerpt":{"rendered":"<p>Sur l&rsquo;histoire locale Publication Le projet de publication d&rsquo;un ouvrage sur l&rsquo;histoire locale ne peut s&rsquo;envisager sans une participation collective des habitants et amis de Plaisance. \u00c0 cette \u00e9tape, nous ne pouvons encore d\u00e9finir si un livre sera suffisant, car les archives qui nous parviennent sont nombreuses. Il n&rsquo;est donc pas impossible que nous soyons amen\u00e9s \u00e0 publier plusieurs ouvrages, tant l&rsquo;histoire de Plaisance-sur-Gartempe est riche de son pass\u00e9. Ce n&rsquo;est qu&rsquo;une question de temps pour rassembler les habitants et leurs souvenirs. L&rsquo;objectif reste d&rsquo;offrir aux habitants et amis de Plaisance un ouvrage en remerciement de leur contribution. Ce sont les habitants qui ont fait l&rsquo;histoire du village, ce projet constitue un juste retour permettant \u00e0 Plaisance de retrouver une place digne de soi dans la vall\u00e9e de la Gartempe.\u00a0 Appel aux dons et souscription Afin d&rsquo;assurer le bon d\u00e9roulement du projet, un appel aux dons, puis une souscription seront bient\u00f4t publi\u00e9es. Dans le but de les recevoir, une association sera cr\u00e9\u00e9e pour garantir le bon d\u00e9roulement du projet r\u00e9alis\u00e9 b\u00e9n\u00e9volement et d&rsquo;acc\u00e9der aux soutiens priv\u00e9s comme aux aides publiques pour qu&rsquo;il aboutisse. La publication ne sera pas support\u00e9e par la commune de Plaisance, trop petite pour se le permettre. Elle nous apporte son soutien technique et logistique dans la pr\u00e9paration du projet, c&rsquo;est d\u00e9j\u00e0 beaucoup ! Laissez-nous vos coordonn\u00e9es pour rester inform\u00e9 de l&rsquo;avancement du projet.\u00a0 Calendrier 2025. Acquisition des donn\u00e9es, collecte et pr\u00e9paration des ressources 2026. Pr\u00e9paration d&rsquo;exposition au printemps et \u00e0 l&rsquo;automne \u00e0 l&rsquo;occasion des journ\u00e9es du Patrimoine 2027. Confection de l&rsquo;ouvrage pour une impression \u00e0 l&rsquo;horizon fin 2027\/2028 Une association loi de 1901 Une association M\u00e9moires de Plaisance va \u00eatre cr\u00e9\u00e9e. Elle rassemblera les b\u00e9n\u00e9voles et contributeurs du projet. Elle aura pour objectif de : Mettre en \u0153uvre une collecte d\u2019archives sur l\u2019histoire communale ou\/et priv\u00e9e des habitants de la commune de Plaisance dans la Vienne. R\u00e9aliser une publication sur le patrimoine locale regroupant les r\u00e9cits, les activit\u00e9s et l\u2019histoire de la commune, r\u00e9cente et pass\u00e9e. Animer des expositions et diffuser des ressources documentaires sur l\u2019histoire locale. Concourir \u00e0 la pr\u00e9servation du patrimoine local par la mise en valeur des atouts historiques de la commune. Pr\u00e9server le patrimoine immat\u00e9riel de la culture locale. Partager les archives et ressources sur l\u2019histoire du village, sans but lucratif, avec l\u2019objectif d\u2019un don de(s) publication(s) aux r\u00e9sidents de la commune. Vous souhaitez \u00eatre inform\u00e9 de l&rsquo;initiative, laissez-nous vos coordonn\u00e9es, nous vous contacterons.\u00a0<\/p>\n","protected":false},"author":1,"featured_media":0,"parent":0,"menu_order":0,"comment_status":"closed","ping_status":"open","template":"","meta":{"site-sidebar-layout":"default","site-content-layout":"","ast-site-content-layout":"default","site-content-style":"default","site-sidebar-style":"default","ast-global-header-display":"","ast-banner-title-visibility":"","ast-main-header-display":"","ast-hfb-above-header-display":"","ast-hfb-below-header-display":"","ast-hfb-mobile-header-display":"","site-post-title":"","ast-breadcrumbs-content":"","ast-featured-img":"","footer-sml-layout":"","ast-disable-related-posts":"","theme-transparent-header-meta":"default","adv-header-id-meta":"","stick-header-meta":"","header-above-stick-meta":"","header-main-stick-meta":"","header-below-stick-meta":"","astra-migrate-meta-layouts":"set","ast-page-background-enabled":"default","ast-page-background-meta":{"desktop":{"background-color":"var(--ast-global-color-5)","background-image":"","background-repeat":"repeat","background-position":"center center","background-size":"auto","background-attachment":"scroll","background-type":"","background-media":"","overlay-type":"","overlay-color":"","overlay-opacity":"","overlay-gradient":""},"tablet":{"background-color":"","background-image":"","background-repeat":"repeat","background-position":"center center","background-size":"auto","background-attachment":"scroll","background-type":"","background-media":"","overlay-type":"","overlay-color":"","overlay-opacity":"","overlay-gradient":""},"mobile":{"background-color":"","background-image":"","background-repeat":"repeat","background-position":"center center","background-size":"auto","background-attachment":"scroll","background-type":"","background-media":"","overlay-type":"","overlay-color":"","overlay-opacity":"","overlay-gradient":""}},"ast-content-background-meta":{"desktop":{"background-color":"var(--ast-global-color-4)","background-image":"","background-repeat":"repeat","background-position":"center center","background-size":"auto","background-attachment":"scroll","background-type":"","background-media":"","overlay-type":"","overlay-color":"","overlay-opacity":"","overlay-gradient":""},"tablet":{"background-color":"var(--ast-global-color-4)","background-image":"","background-repeat":"repeat","background-position":"center center","background-size":"auto","background-attachment":"scroll","background-type":"","background-media":"","overlay-type":"","overlay-color":"","overlay-opacity":"","overlay-gradient":""},"mobile":{"background-color":"var(--ast-global-color-4)","background-image":"","background-repeat":"repeat","background-position":"center center","background-size":"auto","background-attachment":"scroll","background-type":"","background-media":"","overlay-type":"","overlay-color":"","overlay-opacity":"","overlay-gradient":""}},"footnotes":""},"folder":[],"class_list":["post-4512","page","type-page","status-publish","hentry"],"jetpack_sharing_enabled":true,"_links":{"self":[{"href":"https:\/\/memoiresplaisance.fr\/index.php\/wp-json\/wp\/v2\/pages\/4512","targetHints":{"allow":["GET"]}}],"collection":[{"href":"https:\/\/memoiresplaisance.fr\/index.php\/wp-json\/wp\/v2\/pages"}],"about":[{"href":"https:\/\/memoiresplaisance.fr\/index.php\/wp-json\/wp\/v2\/types\/page"}],"author":[{"embeddable":true,"href":"https:\/\/memoiresplaisance.fr\/index.php\/wp-json\/wp\/v2\/users\/1"}],"replies":[{"embeddable":true,"href":"https:\/\/memoiresplaisance.fr\/index.php\/wp-json\/wp\/v2\/comments?post=4512"}],"version-history":[{"count":25,"href":"https:\/\/memoiresplaisance.fr\/index.php\/wp-json\/wp\/v2\/pages\/4512\/revisions"}],"predecessor-version":[{"id":4622,"href":"https:\/\/memoiresplaisance.fr\/index.php\/wp-json\/wp\/v2\/pages\/4512\/revisions\/4622"}],"wp:attachment":[{"href":"https:\/\/memoiresplaisance.fr\/index.php\/wp-json\/wp\/v2\/media?parent=4512"}],"wp:term":[{"taxonomy":"folder","embeddable":true,"href":"https:\/\/memoiresplaisance.fr\/index.php\/wp-json\/wp\/v2\/folder?post=4512"}],"curies":[{"name":"wp","href":"https:\/\/api.w.org\/{rel}","templated":true}]}}