{"id":428,"date":"2025-03-14T19:07:15","date_gmt":"2025-03-14T18:07:15","guid":{"rendered":"https:\/\/memoiresplaisance.fr\/?page_id=428"},"modified":"2025-09-04T18:05:15","modified_gmt":"2025-09-04T16:05:15","slug":"plan-des-recherches","status":"publish","type":"page","link":"https:\/\/memoiresplaisance.fr\/index.php\/plan-des-recherches\/","title":{"rendered":"Recherches"},"content":{"rendered":"\t\t<div data-elementor-type=\"wp-page\" data-elementor-id=\"428\" class=\"elementor elementor-428\">\n\t\t\t\t<div class=\"elementor-element elementor-element-71b911e e-flex e-con-boxed wpr-particle-no wpr-jarallax-no wpr-parallax-no wpr-sticky-section-no wpr-equal-height-no e-con e-parent\" data-id=\"71b911e\" data-element_type=\"container\" data-e-type=\"container\">\n\t\t\t\t\t<div class=\"e-con-inner\">\n\t\t<div class=\"elementor-element elementor-element-0ee0676 e-con-full e-flex wpr-particle-no wpr-jarallax-no wpr-parallax-no wpr-sticky-section-no wpr-equal-height-no e-con e-child\" data-id=\"0ee0676\" data-element_type=\"container\" data-e-type=\"container\">\n\t\t\t\t<div class=\"elementor-element elementor-element-0bf45c6 elementor-widget elementor-widget-image\" data-id=\"0bf45c6\" data-element_type=\"widget\" data-e-type=\"widget\" data-widget_type=\"image.default\">\n\t\t\t\t\t\t\t\t\t\t\t\t\t\t\t\t<a href=\"https:\/\/i0.wp.com\/memoiresplaisance.fr\/wp-content\/uploads\/2025\/03\/ABC3481-Modifier-scaled.webp?ssl=1\" data-elementor-open-lightbox=\"yes\" data-e-action-hash=\"#elementor-action%3Aaction%3Dlightbox%26settings%3DeyJpZCI6MTMsInVybCI6Imh0dHBzOlwvXC9tZW1vaXJlc3BsYWlzYW5jZS5mclwvd3AtY29udGVudFwvdXBsb2Fkc1wvMjAyNVwvMDNcL0FCQzM0ODEtTW9kaWZpZXItc2NhbGVkLndlYnAifQ%3D%3D\">\n\t\t\t\t\t\t\t<img fetchpriority=\"high\" decoding=\"async\" width=\"1024\" height=\"649\" src=\"https:\/\/i0.wp.com\/memoiresplaisance.fr\/wp-content\/uploads\/2025\/03\/ABC3481-Modifier-scaled.webp?fit=1024%2C649&amp;ssl=1\" class=\"attachment-large size-large wp-image-13\" alt=\"\" srcset=\"https:\/\/i0.wp.com\/memoiresplaisance.fr\/wp-content\/uploads\/2025\/03\/ABC3481-Modifier-scaled.webp?w=1920&amp;ssl=1 1920w, https:\/\/i0.wp.com\/memoiresplaisance.fr\/wp-content\/uploads\/2025\/03\/ABC3481-Modifier-scaled.webp?resize=300%2C190&amp;ssl=1 300w, https:\/\/i0.wp.com\/memoiresplaisance.fr\/wp-content\/uploads\/2025\/03\/ABC3481-Modifier-scaled.webp?resize=1024%2C649&amp;ssl=1 1024w, https:\/\/i0.wp.com\/memoiresplaisance.fr\/wp-content\/uploads\/2025\/03\/ABC3481-Modifier-scaled.webp?resize=768%2C486&amp;ssl=1 768w, https:\/\/i0.wp.com\/memoiresplaisance.fr\/wp-content\/uploads\/2025\/03\/ABC3481-Modifier-scaled.webp?resize=1536%2C973&amp;ssl=1 1536w\" sizes=\"(max-width: 1000px) 100vw, 1000px\" \/>\t\t\t\t\t\t\t\t<\/a>\n\t\t\t\t\t\t\t\t\t\t\t\t\t\t\t<\/div>\n\t\t\t\t<\/div>\n\t\t<div class=\"elementor-element elementor-element-88a6c09 e-con-full e-flex wpr-particle-no wpr-jarallax-no wpr-parallax-no wpr-sticky-section-no wpr-equal-height-no e-con e-child\" data-id=\"88a6c09\" data-element_type=\"container\" data-e-type=\"container\">\n\t\t\t\t<div class=\"elementor-element elementor-element-7ff9620 elementor-widget elementor-widget-text-editor\" data-id=\"7ff9620\" data-element_type=\"widget\" data-e-type=\"widget\" data-widget_type=\"text-editor.default\">\n\t\t\t\t\t\t\t\t\t<h4>Les recherches<\/h4><p>L&rsquo;\u00e9tendue des recherches est telle qu&rsquo;elle n\u00e9c\u00e9ssite un plan \u00e9tape par \u00e9tape, par th\u00e8mes et sujets suivant le principe de \u00ab\u00a0<strong>remonter le temps<\/strong>\u00ab\u00a0.<\/p>\t\t\t\t\t\t\t\t<\/div>\n\t\t\t\t<\/div>\n\t\t\t\t\t<\/div>\n\t\t\t\t<\/div>\n\t\t<div class=\"elementor-element elementor-element-6367829 e-flex e-con-boxed wpr-particle-no wpr-jarallax-no wpr-parallax-no wpr-sticky-section-no wpr-equal-height-no e-con e-parent\" data-id=\"6367829\" data-element_type=\"container\" data-e-type=\"container\" data-settings=\"{&quot;background_background&quot;:&quot;classic&quot;}\">\n\t\t\t\t\t<div class=\"e-con-inner\">\n\t\t<div class=\"elementor-element elementor-element-853f268 e-con-full e-flex wpr-particle-no wpr-jarallax-no wpr-parallax-no wpr-sticky-section-no wpr-equal-height-no e-con e-child\" data-id=\"853f268\" data-element_type=\"container\" data-e-type=\"container\">\n\t\t\t\t<div class=\"elementor-element elementor-element-6a8635f elementor-widget elementor-widget-text-editor\" data-id=\"6a8635f\" data-element_type=\"widget\" data-e-type=\"widget\" data-widget_type=\"text-editor.default\">\n\t\t\t\t\t\t\t\t\t<div id=\"initial-content\" class=\"h-section h-section-global-spacing d-flex align-items-lg-center align-items-md-center align-items-center style-329 style-local-2-c2 position-relative\" data-colibri-component=\"section\" data-colibri-id=\"2-c2\"><div class=\"h-section-grid-container h-section-boxed-container\"><div class=\"h-row-container gutters-row-lg-2 gutters-row-md-2 gutters-row-0 gutters-row-v-lg-2 gutters-row-v-md-2 gutters-row-v-2 style-330 style-local-2-c3 position-relative\" data-colibri-id=\"2-c3\"><div class=\"h-row justify-content-lg-center justify-content-md-center justify-content-center align-items-lg-stretch align-items-md-stretch align-items-stretch gutters-col-lg-2 gutters-col-md-2 gutters-col-0 gutters-col-v-lg-2 gutters-col-v-md-2 gutters-col-v-2\"><div class=\"h-column h-column-container d-flex h-col-lg-auto h-col-md-auto h-col-auto style-331-outer style-local-2-c4-outer\"><div class=\"d-flex h-flex-basis h-column__inner h-px-lg-2 h-px-md-2 h-px-2 v-inner-lg-2 v-inner-md-2 v-inner-2 style-331 style-local-2-c4 position-relative\" data-colibri-id=\"2-c4\"><div class=\"w-100 h-y-container h-column__content h-column__v-align flex-basis-100 align-self-lg-start align-self-md-start align-self-start\"><div class=\"style-332 style-local-2-c5 position-relative h-element\" data-colibri-id=\"2-c5\"><div><h4>Remonter le temps<\/h4><\/div><\/div><p>Si\u00e8cle apr\u00e8s si\u00e8cle, les hommes ont fa\u00e7onn\u00e9 la vie locale, parfois dans des conditions difficiles, mais toujours avec dignit\u00e9 et justice, comme en 1789.<\/p><\/div><\/div><\/div><\/div><\/div><\/div><\/div>\t\t\t\t\t\t\t\t<\/div>\n\t\t\t\t<\/div>\n\t\t<div class=\"elementor-element elementor-element-db834e6 e-con-full e-flex wpr-particle-no wpr-jarallax-no wpr-parallax-no wpr-sticky-section-no wpr-equal-height-no e-con e-child\" data-id=\"db834e6\" data-element_type=\"container\" data-e-type=\"container\">\n\t\t\t\t<div class=\"elementor-element elementor-element-d563328 elementor-widget elementor-widget-text-editor\" data-id=\"d563328\" data-element_type=\"widget\" data-e-type=\"widget\" data-widget_type=\"text-editor.default\">\n\t\t\t\t\t\t\t\t\t<marquee>Les articles sont mis \u00e0 jour r\u00e9guli\u00e8rement en fonction des recherches.<\/marquee>\t\t\t\t\t\t\t\t<\/div>\n\t\t\t\t<\/div>\n\t\t\t\t\t<\/div>\n\t\t\t\t<\/div>\n\t\t<div class=\"elementor-element elementor-element-f6ef70d e-flex e-con-boxed wpr-particle-no wpr-jarallax-no wpr-parallax-no wpr-sticky-section-no wpr-equal-height-no e-con e-parent\" data-id=\"f6ef70d\" data-element_type=\"container\" data-e-type=\"container\">\n\t\t\t\t\t<div class=\"e-con-inner\">\n\t\t\t\t\t<\/div>\n\t\t\t\t<\/div>\n\t\t\t\t<\/div>\n\t\t","protected":false},"excerpt":{"rendered":"<p>Les recherches L&rsquo;\u00e9tendue des recherches est telle qu&rsquo;elle n\u00e9c\u00e9ssite un plan \u00e9tape par \u00e9tape, par th\u00e8mes et sujets suivant le principe de \u00ab\u00a0remonter le temps\u00ab\u00a0. Remonter le temps Si\u00e8cle apr\u00e8s si\u00e8cle, les hommes ont fa\u00e7onn\u00e9 la vie locale, parfois dans des conditions difficiles, mais toujours avec dignit\u00e9 et justice, comme en 1789. Les articles sont mis \u00e0 jour r\u00e9guli\u00e8rement en fonction des recherches. XX&lt;sup&gt;e&lt;\/sup&gt; Si\u00e8cle Des ann\u00e9es 1900 \u00e0 2000, les traces du XXe si\u00e8cle sont encore bien pr\u00e9sentes. De nombreuses archives permettent de faire revivre la vie locale et reviennent sur l&rsquo;histoire du village. En voir plus&#8230; XX&lt;sup&gt;e&lt;\/sup&gt; Si\u00e8cle Les artisans et commer\u00e7ants Traces d&rsquo;activit\u00e9s Merci \u00e0 Martine &amp; Jean-Marie Lavaud pour le partage de ces pr\u00e9cieuses archives du XXe si\u00e8cle Non dat\u00e9 Beurre de la laiterie Eug\u00e8ne Rigaud &#8211; Archives Lavaud Fromage En voir plus&#8230; XX&lt;sup&gt;e&lt;\/sup&gt; Si\u00e8cle Les m\u00e9tiers 1903 1909 L&rsquo;annuaire 1909 de l&rsquo;arrondissement de Montmorillon nous apporte des informations pr\u00e9cieuses sur les m\u00e9tiers et les personnes en activit\u00e9 \u00e0 l&rsquo;\u00e9poque sur la commune. Annuaire 1909 de l&rsquo;arrondissement En voir plus&#8230; XIX&lt;sup&gt;e&lt;\/sup&gt; Si\u00e8cle Agriculture Les activit\u00e9s agricoles Cr\u00e9ation d&rsquo;une race charmoise Cr\u00e9\u00e9 par M. Malingi\u00e9 entre 1835 et 1850 \u00e0 la ferme La Charmoise dans le d\u00e9partement\u00a0 du Loir et Cher, la race Charmoise En voir plus&#8230; XIX&lt;sup&gt;e&lt;\/sup&gt; Si\u00e8cle Cadastre de 1840 Inscription sur une maison de la Grande rue Plaisance en 1840 Les voies d&rsquo;acc\u00e8s en 1840 Les seules voies d&rsquo;acc\u00e8s \u00e9taient constitu\u00e9es de chemins. La grande majorit\u00e9 En voir plus&#8230; XIX&lt;sup&gt;e&lt;\/sup&gt; Si\u00e8cle Les m\u00e9tiers 1836 Premier recensement dans la commune. 1836 M\u00e9tiers en 1836 1846 M\u00e9tiers en 1846 1851 M\u00e9tiers en 1851 1856 M\u00e9tiers en 1856 1861 M\u00e9tiers en 1861 1872 M\u00e9tiers en 1872 En voir plus&#8230; XVIII&lt;sup&gt;e&lt;\/sup&gt; Si\u00e8cle Du XVIIIe si\u00e8cle, de 1700 \u00e0 1800, sont conserv\u00e9s des archives principalement autour de la vie religieuse locale, de la paysannerie et de la R\u00e9volution fran\u00e7aise qui apporta de grands En voir plus&#8230; XVIII&lt;sup&gt;e&lt;\/sup&gt; Si\u00e8cle de 1790 \u00e0 1795 &#8211; 1 Affaires diverses \u00e0 Plaisance de 1790-1795 Relev\u00e9 des affaires diverses de 1790 \u00e0 1795 \u00e0 Plaisance, publi\u00e9es dans l&rsquo;ouvrage de Louis Germaneau 10 mars 1790 Nomination d&rsquo;un huissier Jean Vauzelle En voir plus&#8230; XVIII&lt;sup&gt;e&lt;\/sup&gt; Si\u00e8cle de 1790 \u00e0 1795 &#8211; 2 Affaires diverses \u00e0 Plaisance de 1790-1795 Relev\u00e9 des affaires diverses de 1790 \u00e0 1795 \u00e0 Plaisance, publi\u00e9es dans l&rsquo;ouvrage de Louis Germaneau 12 JUIN 1791 \u00c9LECTIONS BNF &#8211; Gallica Nomination En voir plus&#8230; XVIII&lt;sup&gt;e&lt;\/sup&gt; Si\u00e8cle de 1790 \u00e0 1795 &#8211; 3 Affaires diverses \u00e0 Plaisance de 1790-1795 Relev\u00e9 des affaires diverses de 1790 \u00e0 1795 \u00e0 Plaisance, publi\u00e9es dans l&rsquo;ouvrage de Louis Germaneau 1er avril 1792 enl\u00e8vement du tombeau de bronze En voir plus&#8230; XVIII&lt;sup&gt;e&lt;\/sup&gt; Si\u00e8cle de 1790 \u00e0 1795 &#8211; 4 Affaires diverses \u00e0 Plaisance de 1790-1795 Relev\u00e9 des affaires diverses de 1790 \u00e0 1795 \u00e0 Plaisance, publi\u00e9es dans l&rsquo;ouvrage de Louis Germaneau 20 avril 1792 D\u00e9claration de guerre \u00e0 l&rsquo;Autriche En voir plus&#8230; XVII&lt;sup&gt;e&lt;\/sup&gt; Si\u00e8cle En cours de recherche\u2026 Quelques rares maisons portent encore les traces du XVIIe si\u00e8cle. Linteau de porte indiquant l&rsquo;ann\u00e9e 1600 Porte datant de 1600 Reste de contrefort Porte mur\u00e9e En voir plus&#8230; XVI&lt;sup&gt;e&lt;\/sup&gt; Si\u00e8cle En cours de recherche\u2026 En voir plus&#8230; XV&lt;sup&gt;e&lt;\/sup&gt; Si\u00e8cle Plaisance est mentionn\u00e9 dans les textes comme Pleaance, 1431 (Maison-Dieu, 74)Plaisance est mentionn\u00e9 dans les textes comme Plesence, 1493 (fief de l&rsquo;Age-Bonet)Ce bourg de Plaisance, compos\u00e9 de deux rues, la En voir plus&#8230; XIV&lt;sup&gt;e&lt;\/sup&gt; Si\u00e8cle Le Poitou au XIVe si\u00e8cle Le Poitou au XIV\u1d49 si\u00e8cle subit des alternances de domination au cours de la guerre de Cent Ans. De 1360 \u00e0 1372, le Poitou est En voir plus&#8230; XIII&lt;sup&gt;e&lt;\/sup&gt; Si\u00e8cle Le XIIIe si\u00e8cle Dictionnaire topographique de M.L. Redet Plaisance est cit\u00e9e dans le dictionnaire topographique de M.L. Redet, d&rsquo;apr\u00e8s Fonteneau, et dat\u00e9e de 1302. Cependant elle appara\u00eet d\u00e9j\u00e0 dans d&rsquo;autres En voir plus&#8230; XII&lt;sup&gt;e&lt;\/sup&gt; Si\u00e8cle Le XIIe si\u00e8cle Plaisance est mentionn\u00e9 dans les textes comme Plaisantia, XIIe si\u00e8cle (Maison-Dieu, Cartulaire N\u00b0158).\u00a0D&rsquo;autres mentions faisant \u00e9tat de la cit\u00e9 de Plaisance concernent l&rsquo;\u00c2ge de Plaisance dans le En voir plus&#8230; XI&lt;sup&gt;e&lt;\/sup&gt; Si\u00e8cle En cours de recherche\u2026Peu de r\u00e9cits sur cette p\u00e9riode dans le village de Plaisance. Cependant, notons quelques faits relev\u00e9s par Christian Bourdy de l&rsquo;AGIP et qui auront une influence sur En voir plus&#8230; X&lt;sup&gt;e&lt;\/sup&gt; Si\u00e8cle En cours de recherche&#8230; En voir plus&#8230; IX&lt;sup&gt;e&lt;\/sup&gt; Si\u00e8cle En cours de recherche&#8230; En voir plus&#8230;<\/p>\n","protected":false},"author":1,"featured_media":0,"parent":0,"menu_order":0,"comment_status":"closed","ping_status":"open","template":"","meta":{"site-sidebar-layout":"default","site-content-layout":"","ast-site-content-layout":"default","site-content-style":"default","site-sidebar-style":"default","ast-global-header-display":"","ast-banner-title-visibility":"","ast-main-header-display":"","ast-hfb-above-header-display":"","ast-hfb-below-header-display":"","ast-hfb-mobile-header-display":"","site-post-title":"","ast-breadcrumbs-content":"","ast-featured-img":"","footer-sml-layout":"","ast-disable-related-posts":"","theme-transparent-header-meta":"default","adv-header-id-meta":"","stick-header-meta":"","header-above-stick-meta":"","header-main-stick-meta":"","header-below-stick-meta":"","astra-migrate-meta-layouts":"set","ast-page-background-enabled":"default","ast-page-background-meta":{"desktop":{"background-color":"var(--ast-global-color-5)","background-image":"","background-repeat":"repeat","background-position":"center center","background-size":"auto","background-attachment":"scroll","background-type":"","background-media":"","overlay-type":"","overlay-color":"","overlay-opacity":"","overlay-gradient":""},"tablet":{"background-color":"","background-image":"","background-repeat":"repeat","background-position":"center center","background-size":"auto","background-attachment":"scroll","background-type":"","background-media":"","overlay-type":"","overlay-color":"","overlay-opacity":"","overlay-gradient":""},"mobile":{"background-color":"","background-image":"","background-repeat":"repeat","background-position":"center center","background-size":"auto","background-attachment":"scroll","background-type":"","background-media":"","overlay-type":"","overlay-color":"","overlay-opacity":"","overlay-gradient":""}},"ast-content-background-meta":{"desktop":{"background-color":"var(--ast-global-color-4)","background-image":"","background-repeat":"repeat","background-position":"center center","background-size":"auto","background-attachment":"scroll","background-type":"","background-media":"","overlay-type":"","overlay-color":"","overlay-opacity":"","overlay-gradient":""},"tablet":{"background-color":"var(--ast-global-color-4)","background-image":"","background-repeat":"repeat","background-position":"center center","background-size":"auto","background-attachment":"scroll","background-type":"","background-media":"","overlay-type":"","overlay-color":"","overlay-opacity":"","overlay-gradient":""},"mobile":{"background-color":"var(--ast-global-color-4)","background-image":"","background-repeat":"repeat","background-position":"center center","background-size":"auto","background-attachment":"scroll","background-type":"","background-media":"","overlay-type":"","overlay-color":"","overlay-opacity":"","overlay-gradient":""}},"footnotes":""},"folder":[],"class_list":["post-428","page","type-page","status-publish","hentry"],"jetpack_sharing_enabled":true,"_links":{"self":[{"href":"https:\/\/memoiresplaisance.fr\/index.php\/wp-json\/wp\/v2\/pages\/428","targetHints":{"allow":["GET"]}}],"collection":[{"href":"https:\/\/memoiresplaisance.fr\/index.php\/wp-json\/wp\/v2\/pages"}],"about":[{"href":"https:\/\/memoiresplaisance.fr\/index.php\/wp-json\/wp\/v2\/types\/page"}],"author":[{"embeddable":true,"href":"https:\/\/memoiresplaisance.fr\/index.php\/wp-json\/wp\/v2\/users\/1"}],"replies":[{"embeddable":true,"href":"https:\/\/memoiresplaisance.fr\/index.php\/wp-json\/wp\/v2\/comments?post=428"}],"version-history":[{"count":110,"href":"https:\/\/memoiresplaisance.fr\/index.php\/wp-json\/wp\/v2\/pages\/428\/revisions"}],"predecessor-version":[{"id":4226,"href":"https:\/\/memoiresplaisance.fr\/index.php\/wp-json\/wp\/v2\/pages\/428\/revisions\/4226"}],"wp:attachment":[{"href":"https:\/\/memoiresplaisance.fr\/index.php\/wp-json\/wp\/v2\/media?parent=428"}],"wp:term":[{"taxonomy":"folder","embeddable":true,"href":"https:\/\/memoiresplaisance.fr\/index.php\/wp-json\/wp\/v2\/folder?post=428"}],"curies":[{"name":"wp","href":"https:\/\/api.w.org\/{rel}","templated":true}]}}